{"id":16,"date":"2025-09-05T08:52:07","date_gmt":"2025-09-05T08:52:07","guid":{"rendered":"https:\/\/kids.experience-ephemere.fr\/?page_id=16"},"modified":"2025-12-19T09:56:31","modified_gmt":"2025-12-19T09:56:31","slug":"16-2","status":"publish","type":"page","link":"https:\/\/kids.experience-ephemere.fr\/index.php\/16-2\/","title":{"rendered":"R\u00e9servations"},"content":{"rendered":"\n<div class=\"wp-block-group alignfull has-global-padding is-layout-constrained wp-container-core-group-is-layout-3317f9b0 wp-block-group-is-layout-constrained\" style=\"padding-top:var(--wp--preset--spacing--10);padding-right:var(--wp--preset--spacing--50);padding-bottom:var(--wp--preset--spacing--10);padding-left:var(--wp--preset--spacing--50)\">\n<h1 class=\"wp-block-heading has-text-align-center has-x-large-font-size\">R\u00e9servations<\/h1>\n\n\n\n<p class=\"has-text-align-center\">R\u00e9server c&#8217;est s&#8217;assurer des places disponible et le meilleur tarif !<\/p>\n\n\n\n<div style=\"height:41px\" aria-hidden=\"true\" class=\"wp-block-spacer\"><\/div>\n\n\n\n<div class=\"wp-block-group alignwide has-global-padding is-layout-constrained wp-block-group-is-layout-constrained\">\n<div class=\"wp-block-columns alignfull is-layout-flex wp-container-core-columns-is-layout-d0bbbce0 wp-block-columns-is-layout-flex\">\n<div class=\"wp-block-column is-layout-flow wp-container-core-column-is-layout-e3d1c41b wp-block-column-is-layout-flow\">\n<p class=\"has-text-align-center\">La maison des sciences<\/p>\n\n\n\n<figure class=\"wp-block-image alignwide size-full is-style-rounded is-style-rounded--1\"><img loading=\"lazy\" decoding=\"async\" width=\"2560\" height=\"1707\" src=\"http:\/\/kids.experience-ephemere.fr\/wp-content\/uploads\/2025\/12\/CC7A7053-1-scaled.jpg\" alt=\"\" class=\"wp-image-447\" srcset=\"https:\/\/kids.experience-ephemere.fr\/wp-content\/uploads\/2025\/12\/CC7A7053-1-scaled.jpg 2560w, https:\/\/kids.experience-ephemere.fr\/wp-content\/uploads\/2025\/12\/CC7A7053-1-300x200.jpg 300w, https:\/\/kids.experience-ephemere.fr\/wp-content\/uploads\/2025\/12\/CC7A7053-1-1024x683.jpg 1024w, https:\/\/kids.experience-ephemere.fr\/wp-content\/uploads\/2025\/12\/CC7A7053-1-768x512.jpg 768w, https:\/\/kids.experience-ephemere.fr\/wp-content\/uploads\/2025\/12\/CC7A7053-1-1536x1024.jpg 1536w\" sizes=\"auto, (max-width: 2560px) 100vw, 2560px\" \/><\/figure>\n\n\n\n<div class=\"wp-block-buttons is-content-justification-center is-layout-flex wp-container-core-buttons-is-layout-a89b3969 wp-block-buttons-is-layout-flex\">\n<div class=\"wp-block-button\"><a class=\"wp-block-button__link wp-element-button\" href=\"http:\/\/my.weezevent.com\/ephemere-kids-laventure-sceintifique\" target=\"_blank\" rel=\"noreferrer noopener\">R\u00e9servations<\/a><\/div>\n<\/div>\n<\/div>\n\n\n\n<div class=\"wp-block-column is-layout-flow wp-container-core-column-is-layout-e3d1c41b wp-block-column-is-layout-flow\">\n<p class=\"has-text-align-center\">La maison des petits<br><\/p>\n\n\n\n<figure class=\"wp-block-image alignwide size-full is-style-rounded is-style-rounded--2\"><img loading=\"lazy\" decoding=\"async\" width=\"2560\" height=\"1706\" src=\"http:\/\/kids.experience-ephemere.fr\/wp-content\/uploads\/2025\/09\/pexels-tatianasyrikova-3933033-1-scaled.jpg\" alt=\"\" class=\"wp-image-292\" srcset=\"https:\/\/kids.experience-ephemere.fr\/wp-content\/uploads\/2025\/09\/pexels-tatianasyrikova-3933033-1-scaled.jpg 2560w, https:\/\/kids.experience-ephemere.fr\/wp-content\/uploads\/2025\/09\/pexels-tatianasyrikova-3933033-1-300x200.jpg 300w, https:\/\/kids.experience-ephemere.fr\/wp-content\/uploads\/2025\/09\/pexels-tatianasyrikova-3933033-1-1024x683.jpg 1024w, https:\/\/kids.experience-ephemere.fr\/wp-content\/uploads\/2025\/09\/pexels-tatianasyrikova-3933033-1-768x512.jpg 768w\" sizes=\"auto, (max-width: 2560px) 100vw, 2560px\" \/><\/figure>\n\n\n\n<div class=\"wp-block-buttons is-content-justification-center is-layout-flex wp-container-core-buttons-is-layout-a89b3969 wp-block-buttons-is-layout-flex\">\n<div class=\"wp-block-button\"><a class=\"wp-block-button__link wp-element-button\" href=\"https:\/\/my.weezevent.com\/ephemere-kids-la-maison-des-petits?_gl=1*ltesfu*_gcl_au*MjA4MjQwNDUzOC4xNzUyMjQyNTkzLjQ5NzQyNDAyNS4xNzU3NjgyOTM0LjE3NTc2ODI5MzM.*_ga*MTY3NTgxNDc0LjE3NDc3NDcxNzk.*_ga_39H9VBFX7G*czE3NTgyNzY2ODckbzE5JGcxJHQxNzU4Mjc2Njk3JGo1MCRsMCRoNDUzMzU4ODk0\">R\u00e9servations<\/a><\/div>\n<\/div>\n<\/div>\n\n\n\n<div class=\"wp-block-column is-layout-flow wp-container-core-column-is-layout-e3d1c41b wp-block-column-is-layout-flow\">\n<p class=\"has-text-align-center\">Les ateliers<br><\/p>\n\n\n\n<figure class=\"wp-block-image alignwide size-full is-style-rounded is-style-rounded--3\"><img loading=\"lazy\" decoding=\"async\" width=\"2560\" height=\"1707\" src=\"http:\/\/kids.experience-ephemere.fr\/wp-content\/uploads\/2025\/12\/CC7A7050-scaled.jpg\" alt=\"\" class=\"wp-image-449\" srcset=\"https:\/\/kids.experience-ephemere.fr\/wp-content\/uploads\/2025\/12\/CC7A7050-scaled.jpg 2560w, https:\/\/kids.experience-ephemere.fr\/wp-content\/uploads\/2025\/12\/CC7A7050-300x200.jpg 300w, https:\/\/kids.experience-ephemere.fr\/wp-content\/uploads\/2025\/12\/CC7A7050-1024x683.jpg 1024w, https:\/\/kids.experience-ephemere.fr\/wp-content\/uploads\/2025\/12\/CC7A7050-768x512.jpg 768w, https:\/\/kids.experience-ephemere.fr\/wp-content\/uploads\/2025\/12\/CC7A7050-1536x1024.jpg 1536w\" sizes=\"auto, (max-width: 2560px) 100vw, 2560px\" \/><\/figure>\n\n\n\n<div class=\"wp-block-buttons is-content-justification-center is-layout-flex wp-container-core-buttons-is-layout-a89b3969 wp-block-buttons-is-layout-flex\">\n<div class=\"wp-block-button\"><a class=\"wp-block-button__link wp-element-button\" href=\"https:\/\/kids.experience-ephemere.fr\/index.php\/les-ateliers\/\">R\u00e9servations<\/a><\/div>\n<\/div>\n<\/div>\n<\/div>\n\n\n\n<div style=\"height:80px\" aria-hidden=\"true\" class=\"wp-block-spacer\"><\/div>\n<\/div>\n\n\n\n<div class=\"wp-block-group alignwide has-global-padding is-layout-constrained wp-block-group-is-layout-constrained\">\n<div class=\"wp-block-columns alignfull is-layout-flex wp-container-core-columns-is-layout-d76c625d wp-block-columns-is-layout-flex\">\n<div class=\"wp-block-column is-layout-flow wp-container-core-column-is-layout-e3d1c41b wp-block-column-is-layout-flow\">\n<figure class=\"wp-block-image alignright size-full is-resized is-style-rounded is-style-rounded--4\"><img loading=\"lazy\" decoding=\"async\" width=\"592\" height=\"832\" src=\"https:\/\/kids.experience-ephemere.fr\/wp-content\/uploads\/2025\/09\/Microscope.png\" alt=\"\" class=\"wp-image-140\" style=\"width:142px;height:auto\" srcset=\"https:\/\/kids.experience-ephemere.fr\/wp-content\/uploads\/2025\/09\/Microscope.png 592w, https:\/\/kids.experience-ephemere.fr\/wp-content\/uploads\/2025\/09\/Microscope-213x300.png 213w\" sizes=\"auto, (max-width: 592px) 100vw, 592px\" \/><\/figure>\n<\/div>\n\n\n\n<div class=\"wp-block-column has-global-padding is-layout-constrained wp-container-core-column-is-layout-a537ee01 wp-block-column-is-layout-constrained\">\n<h6 class=\"wp-block-heading\">La maison des sciences (3-12 ans)<\/h6>\n\n\n\n<ul class=\"wp-block-list\">\n<li>Pr\u00e9vente 15 euros pour les enfants (19 euros sur place) <\/li>\n\n\n\n<li>8 euros par adulte accompagnateur<\/li>\n\n\n\n<li>Dur\u00e9e visite libre (conseill\u00e9e 2 \u00e0 3 heures) <\/li>\n\n\n\n<li>Ouvert les mercredis, samedis et dimanches. Vacances scolaires 7j\/7<\/li>\n\n\n\n<li>Ouverture 10h-18h30 &#8211; Derni\u00e8re entr\u00e9e 17h00<\/li>\n\n\n\n<li>Pack Famille \u00e0 35 \u20ac&nbsp;(\u00e9puis\u00e9)<\/li>\n<\/ul>\n<\/div>\n<\/div>\n<\/div>\n\n\n\n<div style=\"height:43px\" aria-hidden=\"true\" class=\"wp-block-spacer\"><\/div>\n\n\n\n<div class=\"wp-block-group alignwide has-global-padding is-layout-constrained wp-block-group-is-layout-constrained\">\n<div class=\"wp-block-columns alignfull is-layout-flex wp-container-core-columns-is-layout-d76c625d wp-block-columns-is-layout-flex\">\n<div class=\"wp-block-column is-layout-flow wp-container-core-column-is-layout-e3d1c41b wp-block-column-is-layout-flow\">\n<figure class=\"wp-block-image alignright size-full is-resized is-style-rounded is-style-rounded--5\"><img loading=\"lazy\" decoding=\"async\" width=\"557\" height=\"804\" src=\"https:\/\/kids.experience-ephemere.fr\/wp-content\/uploads\/2025\/09\/Fusee-1.png\" alt=\"\" class=\"wp-image-158\" style=\"width:142px;height:auto\" srcset=\"https:\/\/kids.experience-ephemere.fr\/wp-content\/uploads\/2025\/09\/Fusee-1.png 557w, https:\/\/kids.experience-ephemere.fr\/wp-content\/uploads\/2025\/09\/Fusee-1-208x300.png 208w\" sizes=\"auto, (max-width: 557px) 100vw, 557px\" \/><\/figure>\n<\/div>\n\n\n\n<div class=\"wp-block-column has-global-padding is-layout-constrained wp-container-core-column-is-layout-a537ee01 wp-block-column-is-layout-constrained\">\n<h6 class=\"wp-block-heading\">La maison des petits (0- 3 ans)<\/h6>\n\n\n\n<ul class=\"wp-block-list\">\n<li>Pr\u00e9vente 8 euros pour les enfants (10 euros sur place) &#8211; 2 euros par adulte accompagnateur<\/li>\n\n\n\n<li>Dur\u00e9e s\u00e9ances 1h30<\/li>\n\n\n\n<li>Salle d\u00e9di\u00e9e aux petits<\/li>\n<\/ul>\n<\/div>\n<\/div>\n<\/div>\n\n\n\n<div style=\"height:43px\" aria-hidden=\"true\" class=\"wp-block-spacer\"><\/div>\n\n\n\n<div class=\"wp-block-group alignwide has-global-padding is-layout-constrained wp-block-group-is-layout-constrained\">\n<div class=\"wp-block-columns alignfull is-layout-flex wp-container-core-columns-is-layout-d76c625d wp-block-columns-is-layout-flex\">\n<div class=\"wp-block-column is-layout-flow wp-container-core-column-is-layout-e3d1c41b wp-block-column-is-layout-flow\">\n<figure class=\"wp-block-image alignright size-full is-resized is-style-rounded is-style-rounded--6\"><img loading=\"lazy\" decoding=\"async\" width=\"600\" height=\"684\" src=\"https:\/\/kids.experience-ephemere.fr\/wp-content\/uploads\/2025\/09\/Science.png\" alt=\"\" class=\"wp-image-161\" style=\"width:142px;height:auto\" srcset=\"https:\/\/kids.experience-ephemere.fr\/wp-content\/uploads\/2025\/09\/Science.png 600w, https:\/\/kids.experience-ephemere.fr\/wp-content\/uploads\/2025\/09\/Science-263x300.png 263w\" sizes=\"auto, (max-width: 600px) 100vw, 600px\" \/><\/figure>\n<\/div>\n\n\n\n<div class=\"wp-block-column has-global-padding is-layout-constrained wp-container-core-column-is-layout-a537ee01 wp-block-column-is-layout-constrained\">\n<h6 class=\"wp-block-heading\">Les ateliers (\u00e0 partir de 6 ans)<\/h6>\n\n\n\n<ul class=\"wp-block-list\">\n<li>Tarif de 20 euros par participants<\/li>\n\n\n\n<li>Dur\u00e9e 1h30<\/li>\n\n\n\n<li>\u00c0 partir de 6 ans<\/li>\n\n\n\n<li>12 participant.e.s maximum<\/li>\n\n\n\n<li>Stages pendant les vacances<\/li>\n<\/ul>\n<\/div>\n<\/div>\n<\/div>\n\n\n\n<div style=\"height:43px\" aria-hidden=\"true\" class=\"wp-block-spacer\"><\/div>\n\n\n\n<div class=\"wp-block-group alignwide has-global-padding is-layout-constrained wp-block-group-is-layout-constrained\">\n<div class=\"wp-block-columns alignfull is-layout-flex wp-container-core-columns-is-layout-d76c625d wp-block-columns-is-layout-flex\">\n<div class=\"wp-block-column is-layout-flow wp-container-core-column-is-layout-e3d1c41b wp-block-column-is-layout-flow\">\n<figure class=\"wp-block-image alignright size-full is-resized is-style-rounded is-style-rounded--7\"><img loading=\"lazy\" decoding=\"async\" width=\"662\" height=\"683\" src=\"https:\/\/kids.experience-ephemere.fr\/wp-content\/uploads\/2025\/09\/Neutron.png\" alt=\"\" class=\"wp-image-171\" style=\"width:142px;height:auto\" srcset=\"https:\/\/kids.experience-ephemere.fr\/wp-content\/uploads\/2025\/09\/Neutron.png 662w, https:\/\/kids.experience-ephemere.fr\/wp-content\/uploads\/2025\/09\/Neutron-291x300.png 291w\" sizes=\"auto, (max-width: 662px) 100vw, 662px\" \/><\/figure>\n<\/div>\n\n\n\n<div class=\"wp-block-column has-global-padding is-layout-constrained wp-container-core-column-is-layout-a537ee01 wp-block-column-is-layout-constrained\">\n<h6 class=\"wp-block-heading\">Les groupes<\/h6>\n\n\n\n<ul class=\"wp-block-list\">\n<li>Tarifs de groupe \u00e0 partir de 6 enfants<\/li>\n\n\n\n<li>Tarifs sp\u00e9cifiques pour les CE<\/li>\n\n\n\n<li>Formules anniversaire<\/li>\n\n\n\n<li><a href=\"mailto:contact@experience-ephemere.fr\">Contactez-nous !<\/a><\/li>\n<\/ul>\n<\/div>\n<\/div>\n<\/div>\n\n\n\n<div style=\"height:43px\" aria-hidden=\"true\" class=\"wp-block-spacer\"><\/div>\n<\/div>\n","protected":false},"excerpt":{"rendered":"<p>R\u00e9servations R\u00e9server c&#8217;est s&#8217;assurer des places disponible et le meilleur tarif ! La maison des sciences La maison des petits Les ateliers La maison des sciences (3-12 ans) La maison des petits (0- 3 ans) Les ateliers (\u00e0 partir de 6 ans) Les groupes<\/p>\n","protected":false},"author":1,"featured_media":0,"parent":0,"menu_order":0,"comment_status":"closed","ping_status":"closed","template":"","meta":{"_monsterinsights_skip_tracking":false,"_monsterinsights_sitenote_active":false,"_monsterinsights_sitenote_note":"","_monsterinsights_sitenote_category":0,"_uf_show_specific_survey":0,"_uf_disable_surveys":false,"footnotes":""},"class_list":["post-16","page","type-page","status-publish","hentry"],"_links":{"self":[{"href":"https:\/\/kids.experience-ephemere.fr\/index.php\/wp-json\/wp\/v2\/pages\/16","targetHints":{"allow":["GET"]}}],"collection":[{"href":"https:\/\/kids.experience-ephemere.fr\/index.php\/wp-json\/wp\/v2\/pages"}],"about":[{"href":"https:\/\/kids.experience-ephemere.fr\/index.php\/wp-json\/wp\/v2\/types\/page"}],"author":[{"embeddable":true,"href":"https:\/\/kids.experience-ephemere.fr\/index.php\/wp-json\/wp\/v2\/users\/1"}],"replies":[{"embeddable":true,"href":"https:\/\/kids.experience-ephemere.fr\/index.php\/wp-json\/wp\/v2\/comments?post=16"}],"version-history":[{"count":65,"href":"https:\/\/kids.experience-ephemere.fr\/index.php\/wp-json\/wp\/v2\/pages\/16\/revisions"}],"predecessor-version":[{"id":451,"href":"https:\/\/kids.experience-ephemere.fr\/index.php\/wp-json\/wp\/v2\/pages\/16\/revisions\/451"}],"wp:attachment":[{"href":"https:\/\/kids.experience-ephemere.fr\/index.php\/wp-json\/wp\/v2\/media?parent=16"}],"curies":[{"name":"wp","href":"https:\/\/api.w.org\/{rel}","templated":true}]}}